{"id":22,"date":"2022-08-27T12:53:14","date_gmt":"2022-08-27T10:53:14","guid":{"rendered":"http:\/\/eltech-solutions.fr\/index.php\/mesmerize\/"},"modified":"2024-06-03T08:31:52","modified_gmt":"2024-06-03T06:31:52","slug":"mesmerize","status":"publish","type":"page","link":"https:\/\/eltech-solutions.fr\/","title":{"rendered":"Acceuil"},"content":{"rendered":"<div id=\"features-2\" class=\"features-ov-4-mc content-section content-section-spacing\" style=\"background-color: #ffffff;\" data-label=\"Features\" data-id=\"features-ov-4-mc\" data-export-id=\"features-ov-4-mc\" data-category=\"features\">\n<div class=\"\">\n<div class=\"row spaced-cols text-center\" data-type=\"row\">\n<div class=\"col-xs-12 col-sm-4 col-padding\"><i class=\"fa icon shadow-large-black aligncenter color1 fa-handshake-o reverse round large\"><\/i>\n<div class=\"\" data-type=\"column\">\n<h5 class=\"font-400\">Taille humaine<\/h5>\n<p class=\"\">Artisan ind\u00e9pendant, je m\u2019occupe de votre projet de A \u00e0 Z, de la conception \u00e0 la r\u00e9alisation<\/p>\n\n<\/div>\n<\/div>\n<div class=\"col-xs-12 col-sm-4 col-padding\"><i class=\"fa icon shadow-large-black aligncenter color2 fa-smile-o reverse round large\"><\/i>\n<div class=\"\" data-type=\"column\">\n<h5 class=\"font-400\">A l\u2019\u00e9coute<\/h5>\n<p class=\"\">R\u00e9alisations sur mesure personnalis\u00e9es pour chaque client<\/p>\n\n<\/div>\n<\/div>\n<div class=\"col-xs-12 col-sm-4 col-padding\"><i class=\"fa icon fa-magic large shadow-large-black round aligncenter reverse color4\"><\/i>\n<div class=\"\" data-type=\"column\">\n<h5 class=\"font-400\">Polyvalent<\/h5>\n<p class=\"\">Fort de mes 20 ans d\u2019exp\u00e9rience je suis capable de r\u00e9aliser tout type de travaux \u00e9lectriques<\/p>\n\n<\/div>\n<\/div>\n<\/div>\n<\/div>\n<\/div>\n<div id=\"about-2\" class=\"about-10 content-section content-section-spacing\" style=\"background-color: #ffffff;\" data-label=\"About\" data-id=\"about--2\" data-export-id=\"about-10\" data-category=\"about\">\n<div class=\"gridContainer\">\n<div class=\"row middle-sm text-center\">\n<div class=\"col-sm-5 space-bottom-xs content-column\" data-type=\"column\">\n<h2 class=\"\">\u00c0 propos de moi<\/h2>\n<h5 class=\"\">Jean Christophe Traore<\/h5>\n<p class=\"\">C\u2019est en 2020 que je d\u00e9cide de cr\u00e9er mon entreprise. Toujours \u00e0 l\u2019\u00e9coute, ma passion pour mon travail me pousse \u00e0 vous conseiller et vous accompagner tout au long de votre projet.<\/p>\n\u00c9lectricit\u00e9 g\u00e9n\u00e9rale, r\u00e9novation, d\u00e9pannage, certifi\u00e9 Qualifelec IRVE pour chargeurs de voitures \u00e9lectriques, motorisation de portails, installation d\u2019interphones et bien d\u2019autres, n\u2019h\u00e9sitez pas \u00e0 me contacter pour me soumettre votre projet.\n\nVous trouverez dans ma galerie quelques unes de mes r\u00e9alisations\n\n<a class=\"button color1\" href=\"https:\/\/eltech-solutions.fr\/index.php\/contact\" target=\"_self\" rel=\"noopener\" data-cp-link=\"1\">CONTACTEZ MOI<\/a>\n\n<\/div>\n<div class=\"col-sm-7 flexbox middle-xs center-xs space-bottom-xs\">\n<div class=\"overlay-box middle-xs center-xs flexbox\">\n<div class=\"overlay-box-offset offset-border shadow-medium border-color1 hide-xs\"><\/div>\n<img decoding=\"async\" class=\"shadow-large\" title=\"cropped-electrician.png\" src=\"http:\/\/eltech-solutions.fr\/wp-content\/uploads\/2022\/09\/cropped-electrician.png\" alt=\"\" data-size=\"485x705\" \/>\n\n<\/div>\n<\/div>\n<\/div>\n<\/div>\n<\/div>","protected":false},"excerpt":{"rendered":"<p>Taille humaine Artisan ind\u00e9pendant, je m\u2019occupe de votre projet de A \u00e0 Z, de la conception \u00e0 la r\u00e9alisation A l\u2019\u00e9coute R\u00e9alisations sur mesure personnalis\u00e9es pour chaque client Polyvalent Fort de mes 20 ans d\u2019exp\u00e9rience je suis capable de r\u00e9aliser tout type de travaux \u00e9lectriques \u00c0 propos de moi Jean Christophe Traore C\u2019est en 2020&hellip; <br \/> <a class=\"read-more\" href=\"https:\/\/eltech-solutions.fr\/\">Read more<\/a><\/p>\n","protected":false},"author":1,"featured_media":0,"parent":0,"menu_order":0,"comment_status":"closed","ping_status":"closed","template":"page-templates\/homepage.php","meta":{"two_page_speed":[],"footnotes":""},"class_list":["post-22","page","type-page","status-publish","hentry"],"_links":{"self":[{"href":"https:\/\/eltech-solutions.fr\/index.php\/wp-json\/wp\/v2\/pages\/22","targetHints":{"allow":["GET"]}}],"collection":[{"href":"https:\/\/eltech-solutions.fr\/index.php\/wp-json\/wp\/v2\/pages"}],"about":[{"href":"https:\/\/eltech-solutions.fr\/index.php\/wp-json\/wp\/v2\/types\/page"}],"author":[{"embeddable":true,"href":"https:\/\/eltech-solutions.fr\/index.php\/wp-json\/wp\/v2\/users\/1"}],"replies":[{"embeddable":true,"href":"https:\/\/eltech-solutions.fr\/index.php\/wp-json\/wp\/v2\/comments?post=22"}],"version-history":[{"count":16,"href":"https:\/\/eltech-solutions.fr\/index.php\/wp-json\/wp\/v2\/pages\/22\/revisions"}],"predecessor-version":[{"id":306,"href":"https:\/\/eltech-solutions.fr\/index.php\/wp-json\/wp\/v2\/pages\/22\/revisions\/306"}],"wp:attachment":[{"href":"https:\/\/eltech-solutions.fr\/index.php\/wp-json\/wp\/v2\/media?parent=22"}],"curies":[{"name":"wp","href":"https:\/\/api.w.org\/{rel}","templated":true}]}}